{"id":185,"date":"2022-02-01T20:36:18","date_gmt":"2022-02-01T20:36:18","guid":{"rendered":"https:\/\/repensek.si\/?page_id=185"},"modified":"2024-04-23T07:38:43","modified_gmt":"2024-04-23T07:38:43","slug":"about-slovenscina","status":"publish","type":"page","link":"https:\/\/repensek.si\/","title":{"rendered":""},"content":{"rendered":"\t\t<div data-elementor-type=\"wp-page\" data-elementor-id=\"185\" class=\"elementor elementor-185\">\n\t\t\t\t\t\t<div class=\"elementor-inner\">\n\t\t\t\t<div class=\"elementor-section-wrap\">\n\t\t\t\t\t\t\t\t\t<section class=\"elementor-section elementor-top-section elementor-element elementor-element-2d20f803 elementor-section-boxed elementor-section-height-default elementor-section-height-default\" data-id=\"2d20f803\" data-element_type=\"section\">\n\t\t\t\t\t\t<div class=\"elementor-container elementor-column-gap-default\">\n\t\t\t\t\t\t\t<div class=\"elementor-row\">\n\t\t\t\t\t<div class=\"elementor-column elementor-col-33 elementor-top-column elementor-element elementor-element-4b85c639\" data-id=\"4b85c639\" data-element_type=\"column\">\n\t\t\t<div class=\"elementor-column-wrap elementor-element-populated\">\n\t\t\t\t\t\t\t<div class=\"elementor-widget-wrap\">\n\t\t\t\t\t\t<div class=\"elementor-element elementor-element-53b7a02f elementor-widget elementor-widget-text-editor\" data-id=\"53b7a02f\" data-element_type=\"widget\" data-widget_type=\"text-editor.default\">\n\t\t\t\t<div class=\"elementor-widget-container\">\n\t\t\t\t\t\t\t\t<div class=\"elementor-text-editor elementor-clearfix\">\n\t\t\t\t<h2><strong>Svetovanje &amp; podpora<\/strong><\/h2><p>Skupaj z vami bomo na\u0161li re\u0161itev, ki najbolje ustreza va\u0161im potrebam in uporabi. Poleg tega izvedemo namestitev in usposabljanje glede na va\u0161e potrebe.<\/p>\t\t\t\t\t<\/div>\n\t\t\t\t\t\t<\/div>\n\t\t\t\t<\/div>\n\t\t\t\t\t\t<\/div>\n\t\t\t\t\t<\/div>\n\t\t<\/div>\n\t\t\t\t<div class=\"elementor-column elementor-col-33 elementor-top-column elementor-element elementor-element-19e93f75\" data-id=\"19e93f75\" data-element_type=\"column\">\n\t\t\t<div class=\"elementor-column-wrap elementor-element-populated\">\n\t\t\t\t\t\t\t<div class=\"elementor-widget-wrap\">\n\t\t\t\t\t\t<div class=\"elementor-element elementor-element-519dff4b elementor-widget elementor-widget-text-editor\" data-id=\"519dff4b\" data-element_type=\"widget\" data-widget_type=\"text-editor.default\">\n\t\t\t\t<div class=\"elementor-widget-container\">\n\t\t\t\t\t\t\t\t<div class=\"elementor-text-editor elementor-clearfix\">\n\t\t\t\t<h2><strong>Vzdr\u017eevanje<\/strong><\/h2><p>Imamo lastno servisno ekipo za vzdr\u017eevanje in odpravljanje te\u017eav. Ve\u010dino delov imamo na zalogi, tako da va\u0161 stroj nikoli ne obstane za dlje \u010dasa.<\/p>\t\t\t\t\t<\/div>\n\t\t\t\t\t\t<\/div>\n\t\t\t\t<\/div>\n\t\t\t\t\t\t<\/div>\n\t\t\t\t\t<\/div>\n\t\t<\/div>\n\t\t\t\t<div class=\"elementor-column elementor-col-33 elementor-top-column elementor-element elementor-element-7b049de5\" data-id=\"7b049de5\" data-element_type=\"column\">\n\t\t\t<div class=\"elementor-column-wrap elementor-element-populated\">\n\t\t\t\t\t\t\t<div class=\"elementor-widget-wrap\">\n\t\t\t\t\t\t<div class=\"elementor-element elementor-element-14c6be52 elementor-widget elementor-widget-text-editor\" data-id=\"14c6be52\" data-element_type=\"widget\" data-widget_type=\"text-editor.default\">\n\t\t\t\t<div class=\"elementor-widget-container\">\n\t\t\t\t\t\t\t\t<div class=\"elementor-text-editor elementor-clearfix\">\n\t\t\t\t<h2>Varnost<\/h2><p>Zagotavljamo, da so na\u0161i stroji vedno varni na vseh podro\u010djih: elektri\u010dni, mehanski in predvsem varnost operaterja. To vam omogo\u010da, da ste prepri\u010dani, da lahko resni\u010dno varno delate. <\/p>\t\t\t\t\t<\/div>\n\t\t\t\t\t\t<\/div>\n\t\t\t\t<\/div>\n\t\t\t\t\t\t<\/div>\n\t\t\t\t\t<\/div>\n\t\t<\/div>\n\t\t\t\t\t\t\t\t<\/div>\n\t\t\t\t\t<\/div>\n\t\t<\/section>\n\t\t\t\t<section class=\"elementor-section elementor-top-section elementor-element elementor-element-3219c648 elementor-section-boxed elementor-section-height-default elementor-section-height-default\" data-id=\"3219c648\" data-element_type=\"section\">\n\t\t\t\t\t\t<div class=\"elementor-container elementor-column-gap-default\">\n\t\t\t\t\t\t\t<div class=\"elementor-row\">\n\t\t\t\t\t<div class=\"elementor-column elementor-col-100 elementor-top-column elementor-element elementor-element-45796ba6\" data-id=\"45796ba6\" data-element_type=\"column\">\n\t\t\t<div class=\"elementor-column-wrap elementor-element-populated\">\n\t\t\t\t\t\t\t<div class=\"elementor-widget-wrap\">\n\t\t\t\t\t\t<div class=\"elementor-element elementor-element-3ed4e042 elementor-widget elementor-widget-text-editor\" data-id=\"3ed4e042\" data-element_type=\"widget\" data-widget_type=\"text-editor.default\">\n\t\t\t\t<div class=\"elementor-widget-container\">\n\t\t\t\t\t\t\t\t<div class=\"elementor-text-editor elementor-clearfix\">\n\t\t\t\t<h2 class=\"has-text-align-center\" style=\"font-variant-ligatures: normal; font-variant-caps: normal; font-family: Roboto, sans-serif; font-style: normal;\">Naredite, kar \u017eelite, z najnovej\u0161imi stroji RKSolutions.<\/h2><p style=\"font-variant-ligatures: normal; font-variant-caps: normal; font-family: Roboto, sans-serif; font-size: 14px; font-style: normal; font-weight: 400;\">Ponujamo pametne re\u0161itve, da lahko za\u010dnete hitro, varno in preprosto. Dobavljamo stroje, ki vam omogo\u010dajo sestavljanje, varjenje, pregledovanje in pakiranje kon\u010dnega izdelka. Prilagajamo jih, \u0161irimo in jih naredimo varne za delo. Nudimo vam osebno svetovanje in prakti\u010dno usposabljanje. Nudimo vzdr\u017eevanje in podporo, tako da lahko vedno ra\u010dunate na svoj stroj.<\/p>\t\t\t\t\t<\/div>\n\t\t\t\t\t\t<\/div>\n\t\t\t\t<\/div>\n\t\t\t\t\t\t<\/div>\n\t\t\t\t\t<\/div>\n\t\t<\/div>\n\t\t\t\t\t\t\t\t<\/div>\n\t\t\t\t\t<\/div>\n\t\t<\/section>\n\t\t\t\t\t\t\t\t\t<\/div>\n\t\t\t<\/div>\n\t\t\t\t\t<\/div>\n\t\t","protected":false},"excerpt":{"rendered":"<p>Svetovanje &amp; podpora Skupaj z vami bomo na\u0161li re\u0161itev, ki najbolje ustreza va\u0161im potrebam in uporabi. Poleg tega izvedemo namestitev in usposabljanje glede na va\u0161e potrebe. Vzdr\u017eevanje Imamo lastno servisno ekipo za vzdr\u017eevanje in odpravljanje te\u017eav. Ve\u010dino delov imamo na zalogi, tako da va\u0161 stroj nikoli ne obstane za dlje \u010dasa. Varnost Zagotavljamo, da so [&hellip;]<\/p>\n","protected":false},"author":1,"featured_media":0,"parent":0,"menu_order":0,"comment_status":"closed","ping_status":"closed","template":"","meta":{"footnotes":""},"_links":{"self":[{"href":"https:\/\/repensek.si\/index.php?rest_route=\/wp\/v2\/pages\/185"}],"collection":[{"href":"https:\/\/repensek.si\/index.php?rest_route=\/wp\/v2\/pages"}],"about":[{"href":"https:\/\/repensek.si\/index.php?rest_route=\/wp\/v2\/types\/page"}],"author":[{"embeddable":true,"href":"https:\/\/repensek.si\/index.php?rest_route=\/wp\/v2\/users\/1"}],"replies":[{"embeddable":true,"href":"https:\/\/repensek.si\/index.php?rest_route=%2Fwp%2Fv2%2Fcomments&post=185"}],"version-history":[{"count":22,"href":"https:\/\/repensek.si\/index.php?rest_route=\/wp\/v2\/pages\/185\/revisions"}],"predecessor-version":[{"id":391,"href":"https:\/\/repensek.si\/index.php?rest_route=\/wp\/v2\/pages\/185\/revisions\/391"}],"wp:attachment":[{"href":"https:\/\/repensek.si\/index.php?rest_route=%2Fwp%2Fv2%2Fmedia&parent=185"}],"curies":[{"name":"wp","href":"https:\/\/api.w.org\/{rel}","templated":true}]}}